{"id":96,"date":"2018-11-25T18:43:17","date_gmt":"2018-11-25T17:43:17","guid":{"rendered":"http:\/\/www.erapalermo.eu\/?page_id=96"},"modified":"2024-11-21T12:38:45","modified_gmt":"2024-11-21T11:38:45","slug":"5x1000","status":"publish","type":"page","link":"https:\/\/www.erapalermo.eu\/index.php\/5x1000\/","title":{"rendered":"5&#215;1000"},"content":{"rendered":"<div class=\"page-title pad group\">\n<h1>SOSTIENI LE NOSTRE INIZIATIVE ED I PROGETTI CON IL 5\u00d71000<\/h1>\n<\/div>\n<div class=\"pad group\">\n<article class=\"group post-320 page type-page status-publish hentry\">\n<div class=\"entry themeform\">\n<p class=\"\">&nbsp;<\/p>\n<p style=\"text-align: justify;\">L\u2019&nbsp;<strong>E.R.A.P. OdV<\/strong>&nbsp;\u2013 fa parte dell\u2019elenco delle Associazioni per le quali la legge finanziaria prevede la possibilit\u00e0 di poter destinare il&nbsp;<strong>5 per mille <\/strong>delle imposte.<br>I modelli per la dichiarazione dei redditi contengono un apposito spazio nella sezione relativa al&nbsp;<em>\u201csostegno del volontariato, delle organizzazioni non lucrative di utilit\u00e0 sociale\u201d<\/em>, nel quale potere indicare il Codice Fiscale della nostra associazione e successivamente apporre la propria firma.<br>Come associazione non a scopo di lucro, ci sosteniamo economicamente con le quote sociali ed autotassazione dei soci: ma queste poche entrate economiche \u2013 purtroppo \u2013 non bastano per sostenere i nostri progetti destinati al sociale ed alla comunit\u00e0.<br><strong>Grazie al vostro contributo<\/strong>&nbsp;\u2013 per voi&nbsp;<strong>a costo ZERO<\/strong> \u2013 potremo essere sempre aggiornati con le attrezzature e gli strumenti necessari affinch\u00e9 si possa essere sempre in condizione di prestare immediata assistenza in caso di necessit\u00e0 o calamit\u00e0 naturale.<\/p>\n<h1 style=\"text-align: center;\"><strong>E.R.A.P. OdV<\/strong><br><strong>Codice Fiscale<\/strong><br><strong>97174880829<\/strong><\/h1>\n<div id=\"attachment_1267\" class=\"wp-caption aligncenter\">\n<p>&nbsp;<\/p>\n<p class=\"wp-caption-text\">Fac-simile dello spazio dove potrete indicare il nostro Codice Fiscale ed apporre la vostra firma<\/p>\n<\/div>\n<\/div>\n<\/article>\n<\/div>\n\n\n<figure class=\"wp-block-gallery has-nested-images columns-default is-cropped wp-block-gallery-1 is-layout-flex wp-block-gallery-is-layout-flex\"><\/figure>\n\n\n\n<figure class=\"wp-block-image size-full\"><img decoding=\"async\" loading=\"lazy\" width=\"427\" height=\"600\" src=\"https:\/\/www.erapalermo.eu\/wp-content\/uploads\/2024\/11\/admin-ajax.jpg\" alt=\"\" class=\"wp-image-2503\" srcset=\"https:\/\/www.erapalermo.eu\/wp-content\/uploads\/2024\/11\/admin-ajax.jpg 427w, https:\/\/www.erapalermo.eu\/wp-content\/uploads\/2024\/11\/admin-ajax-214x300.jpg 214w\" sizes=\"(max-width: 427px) 100vw, 427px\" \/><\/figure>\n","protected":false},"excerpt":{"rendered":"<p>SOSTIENI LE NOSTRE INIZIATIVE ED I PROGETTI CON IL 5\u00d71000 &nbsp; L\u2019&nbsp;E.R.A.P. OdV&nbsp;\u2013 fa parte dell\u2019elenco delle Associazioni per le quali la legge finanziaria&#8230;<\/p>\n","protected":false},"author":1,"featured_media":0,"parent":0,"menu_order":0,"comment_status":"closed","ping_status":"closed","template":"","meta":{"ngg_post_thumbnail":0,"footnotes":""},"_links":{"self":[{"href":"https:\/\/www.erapalermo.eu\/index.php\/wp-json\/wp\/v2\/pages\/96"}],"collection":[{"href":"https:\/\/www.erapalermo.eu\/index.php\/wp-json\/wp\/v2\/pages"}],"about":[{"href":"https:\/\/www.erapalermo.eu\/index.php\/wp-json\/wp\/v2\/types\/page"}],"author":[{"embeddable":true,"href":"https:\/\/www.erapalermo.eu\/index.php\/wp-json\/wp\/v2\/users\/1"}],"replies":[{"embeddable":true,"href":"https:\/\/www.erapalermo.eu\/index.php\/wp-json\/wp\/v2\/comments?post=96"}],"version-history":[{"count":11,"href":"https:\/\/www.erapalermo.eu\/index.php\/wp-json\/wp\/v2\/pages\/96\/revisions"}],"predecessor-version":[{"id":2561,"href":"https:\/\/www.erapalermo.eu\/index.php\/wp-json\/wp\/v2\/pages\/96\/revisions\/2561"}],"wp:attachment":[{"href":"https:\/\/www.erapalermo.eu\/index.php\/wp-json\/wp\/v2\/media?parent=96"}],"curies":[{"name":"wp","href":"https:\/\/api.w.org\/{rel}","templated":true}]}}